{"id":1505,"date":"2018-01-12T11:58:15","date_gmt":"2018-01-12T11:58:15","guid":{"rendered":"https:\/\/www.bomcalcado.pt\/?page_id=1505"},"modified":"2018-03-08T11:58:24","modified_gmt":"2018-03-08T11:58:24","slug":"informacion-sobre-cookies","status":"publish","type":"page","link":"https:\/\/www.bomcalcado.pt\/es\/informacion-sobre-cookies\/","title":{"rendered":"Informaci\u00f3n sobre Cookies"},"content":{"rendered":"<div class=\"flex_column av_one_full  flex_column_div av-zero-column-padding first  avia-builder-el-0  avia-builder-el-no-sibling  \" style='border-radius:0px; '><p><div  style='padding-bottom:10px; ' class='av-special-heading av-special-heading-h2  blockquote modern-quote  avia-builder-el-1  el_before_av_textblock  avia-builder-el-first  '><h2 class='av-special-heading-tag '  itemprop=\"headline\"  >Informaci\u00f3n Sobre Cookies<\/h2><div class='special-heading-border'><div class='special-heading-inner-border' ><\/div><\/div><\/div><br \/>\n<section class=\"av_textblock_section \"  itemscope=\"itemscope\" itemtype=\"https:\/\/schema.org\/CreativeWork\" ><div class='avia_textblock  '   itemprop=\"text\" ><p><strong><big>\u00bfQu\u00e9 son las cookies?<\/big><\/strong><\/p>\n<p>Una cookie es un fichero que se descarga en tu ordenador al acceder a determinadas p\u00e1ginas web. Las cookies permiten a una p\u00e1gina web, entre otras cosas, almacenar y recuperar informaci\u00f3n sobre los h\u00e1bitos de navegaci\u00f3n de un usuario o de su equipo, gestionar el acceso de usuarios a zonas restringidas de la web, etc.<\/p>\n<p>Las cookies permiten a dicha web, entre otras cosas, almacenar y recuperar informaci\u00f3n sobre las decisiones y h\u00e1bitos del usuario. Aqu\u00ed las utilizamos para personalizar la experiencia dentro de nuestras webs, identificar y recordar al usuario registrado y facilitar la navegaci\u00f3n.<\/p>\n<p><strong><big>\u00bfQu\u00e9 tipo de cookies utiliza esta p\u00e1gina web?<\/big><\/strong><\/p>\n<p>Hay dos grupos de cookies que se pueden usar.<\/p>\n<p>Cookies permanentes \u2013 son cookies que se almacenan en el dispositivo del usuario y que permiten recuperar la informaci\u00f3n de la navegaci\u00f3n en la siguiente visita. Tienen fecha de caducidad, pero esta se dilata m\u00e1s all\u00e1 de la finalizaci\u00f3n de la sesi\u00f3n. Estas cookies nos permiten personalizar sus visitas, a trav\u00e9s de sus preferencias (p.e. pa\u00eds e idioma).<\/p>\n<p>Cookies de sesi\u00f3n \u2013 son cookies temporales que no se almacenan en el dispositivo del usuario, sino que desaparecen cuando finaliza la sesi\u00f3n. La informaci\u00f3n obtenida por medio de estas cookies, sirven para analizar pautas de tr\u00e1fico en la web y proporcionarle los servicios que ofrecemos a trav\u00e9s de la misma.<\/p>\n<p><strong><big>Tipo de Cookies<\/big><\/strong><\/p>\n<p><strong>Cookies t\u00e9cnicas\u00a0\u2013\u00a0<\/strong>Este tipo de cookies permiten al usuario la navegaci\u00f3n a trav\u00e9s de una p\u00e1gina web, plataforma o aplicaci\u00f3n y la utilizaci\u00f3n de las diferentes opciones o servicios que en ella existan.<\/p>\n<p><strong>Cookies de Anal\u00edtica\u00a0\u2013<\/strong>\u00a0Esta cookie que s\u00f3lo se genera en la visita, servir\u00e1 en pr\u00f3ximas visitas para identificar de forma an\u00f3nima al visitante. Dichas cookies s\u00f3lo ser\u00e1n utilizadas con prop\u00f3sitos estad\u00edsticos que ayuden a la optimizaci\u00f3n de la experiencia de los usuarios en el sitio.<\/p>\n<p><strong>Cookies de rendimiento\u00a0\u2013<\/strong>\u00a0Este tipo de Cookie recuerda sus preferencias para las herramientas que se encuentran en los servicios, por lo que no tiene que volver a configurar el servicio cada vez que usted visita.<\/p>\n<p><strong>Cookies de terceiros\u00a0\u2013<\/strong>\u00a0Las cookies de terceros como por ejemplo, las usadas para identificaci\u00f3n, o por complementos externos de contenido como el buscador de Google.<\/p>\n<p><strong>Cookies de publicidad\u00a0\u2013<\/strong>\u00a0Este tipo de cookies permiten ampliar la informaci\u00f3n de los anuncios mostrados a cada usuario an\u00f3nimo. Entre otros, se almacena la duraci\u00f3n o frecuencia de visualizaci\u00f3n de posiciones publicitarias, la interacci\u00f3n con las mismas, o los patrones de navegaci\u00f3n y\/o comportamientos del usuario ya que ayudan a conformar un perfil de inter\u00e9s publicitario. De este modo, permiten ofrecer publicidad af\u00edn a los intereses del usuario.<\/p>\n<p><strong><big><br \/>\n\u00bfC\u00f3mo puedo desactivar o eliminar las cookies?<\/big><\/strong><\/p>\n<p>Puede permitir, bloquear o eliminar las cookies instaladas en su equipo mediante la configuraci\u00f3n de las opciones del navegador instalado en su ordenador.<\/p>\n<\/div><\/section><\/p><\/div>\n","protected":false},"excerpt":{"rendered":"","protected":false},"author":3,"featured_media":0,"parent":0,"menu_order":0,"comment_status":"closed","ping_status":"closed","template":"","meta":[],"yoast_head":"<!-- This site is optimized with the Yoast SEO plugin v15.5 - https:\/\/yoast.com\/wordpress\/plugins\/seo\/ -->\n<title>Informaci\u00f3n sobre Cookies - Bom Cal\u00e7ado<\/title>\n<meta name=\"description\" content=\"Una cookie es un fichero que se descarga en tu ordenador al acceder a determinadas p\u00e1ginas web. Las cookies permiten a una p\u00e1gina web, entre otras cosas, almacenar y recuperar informaci\u00f3n sobre los h\u00e1bitos de navegaci\u00f3n de un usuario o de su equipo, gestionar el acceso de usuarios a zonas restringidas de la web, etc.\" \/>\n<meta name=\"robots\" content=\"index, follow, max-snippet:-1, max-image-preview:large, max-video-preview:-1\" \/>\n<link rel=\"canonical\" href=\"https:\/\/www.bomcalcado.pt\/es\/informacion-sobre-cookies\/\" \/>\n<meta property=\"og:locale\" content=\"es_ES\" \/>\n<meta property=\"og:type\" content=\"article\" \/>\n<meta property=\"og:title\" content=\"Informaci\u00f3n sobre Cookies - Bom Cal\u00e7ado\" \/>\n<meta property=\"og:description\" content=\"Una cookie es un fichero que se descarga en tu ordenador al acceder a determinadas p\u00e1ginas web. Las cookies permiten a una p\u00e1gina web, entre otras cosas, almacenar y recuperar informaci\u00f3n sobre los h\u00e1bitos de navegaci\u00f3n de un usuario o de su equipo, gestionar el acceso de usuarios a zonas restringidas de la web, etc.\" \/>\n<meta property=\"og:url\" content=\"https:\/\/www.bomcalcado.pt\/es\/informacion-sobre-cookies\/\" \/>\n<meta property=\"og:site_name\" content=\"Bom Cal\u00e7ado\" \/>\n<meta property=\"article:modified_time\" content=\"2018-03-08T11:58:24+00:00\" \/>\n<meta name=\"twitter:card\" content=\"summary\" \/>\n<meta name=\"twitter:label1\" content=\"Tiempo de lectura\">\n\t<meta name=\"twitter:data1\" content=\"3 minutos\">\n<script type=\"application\/ld+json\" class=\"yoast-schema-graph\">{\"@context\":\"https:\/\/schema.org\",\"@graph\":[{\"@type\":\"WebSite\",\"@id\":\"https:\/\/www.bomcalcado.pt\/#website\",\"url\":\"https:\/\/www.bomcalcado.pt\/\",\"name\":\"Bom Cal\\u00e7ado\",\"description\":\"Website Oficial\",\"potentialAction\":[{\"@type\":\"SearchAction\",\"target\":\"https:\/\/www.bomcalcado.pt\/?s={search_term_string}\",\"query-input\":\"required name=search_term_string\"}],\"inLanguage\":\"es\"},{\"@type\":\"WebPage\",\"@id\":\"https:\/\/www.bomcalcado.pt\/es\/informacion-sobre-cookies\/#webpage\",\"url\":\"https:\/\/www.bomcalcado.pt\/es\/informacion-sobre-cookies\/\",\"name\":\"Informaci\\u00f3n sobre Cookies - Bom Cal\\u00e7ado\",\"isPartOf\":{\"@id\":\"https:\/\/www.bomcalcado.pt\/#website\"},\"datePublished\":\"2018-01-12T11:58:15+00:00\",\"dateModified\":\"2018-03-08T11:58:24+00:00\",\"description\":\"Una cookie es un fichero que se descarga en tu ordenador al acceder a determinadas p\\u00e1ginas web. Las cookies permiten a una p\\u00e1gina web, entre otras cosas, almacenar y recuperar informaci\\u00f3n sobre los h\\u00e1bitos de navegaci\\u00f3n de un usuario o de su equipo, gestionar el acceso de usuarios a zonas restringidas de la web, etc.\",\"inLanguage\":\"es\",\"potentialAction\":[{\"@type\":\"ReadAction\",\"target\":[\"https:\/\/www.bomcalcado.pt\/es\/informacion-sobre-cookies\/\"]}]}]}<\/script>\n<!-- \/ Yoast SEO plugin. -->","_links":{"self":[{"href":"https:\/\/www.bomcalcado.pt\/es\/wp-json\/wp\/v2\/pages\/1505"}],"collection":[{"href":"https:\/\/www.bomcalcado.pt\/es\/wp-json\/wp\/v2\/pages"}],"about":[{"href":"https:\/\/www.bomcalcado.pt\/es\/wp-json\/wp\/v2\/types\/page"}],"author":[{"embeddable":true,"href":"https:\/\/www.bomcalcado.pt\/es\/wp-json\/wp\/v2\/users\/3"}],"replies":[{"embeddable":true,"href":"https:\/\/www.bomcalcado.pt\/es\/wp-json\/wp\/v2\/comments?post=1505"}],"version-history":[{"count":2,"href":"https:\/\/www.bomcalcado.pt\/es\/wp-json\/wp\/v2\/pages\/1505\/revisions"}],"predecessor-version":[{"id":1507,"href":"https:\/\/www.bomcalcado.pt\/es\/wp-json\/wp\/v2\/pages\/1505\/revisions\/1507"}],"wp:attachment":[{"href":"https:\/\/www.bomcalcado.pt\/es\/wp-json\/wp\/v2\/media?parent=1505"}],"curies":[{"name":"wp","href":"https:\/\/api.w.org\/{rel}","templated":true}]}}